{"id":7,"date":"2020-10-11T20:07:01","date_gmt":"2020-10-11T20:07:01","guid":{"rendered":"http:\/\/www.flowsud.com\/home\/"},"modified":"2023-11-04T18:59:11","modified_gmt":"2023-11-04T18:59:11","slug":"home","status":"publish","type":"page","link":"https:\/\/www.flowsud.com\/","title":{"rendered":"Home"},"content":{"rendered":"\n\n\n<h4  id=\"flow-sud\" style=\"font-size:14px; text-align: center; font-family: Poppins; font-weight: 500; color: #ffffff\">01<\/h4>\n<h4 style=\"font-size:14px; margin: auto; font-family: Poppins; font-weight: 300; letter-spacing: 0.25em; color: #ffffff; writing-mode: vertical-rl; text-orientation: mixed\">FLOWSUD<\/h4>\n\n\n\n\n\n\n\n\n\n\n<h4 id=\"qui-sommes-nous\" style=\"font-size:14px; text-align: center; font-family: Poppins; font-weight: 500; color: #ffffff\">02<\/h4>\n<h4 style=\"font-size:14px; margin: auto; font-family: Poppins; font-weight: 300; letter-spacing: 0.25em; color: #ffffff; writing-mode: vertical-rl; text-orientation: mixed\">Qui Sommes Nous ?<\/h4>\n\n\n\n\n\n\n\n\n\n\n\n\n\n\n<h2  style=\"font-family: Poppins; text-align: justify; font-size: 23px; font-weight: 600; line-height: 1.25em\">Votre sp\u00e9cialiste des r\u00e9seaux d&rsquo;acheminement et de traitement des fluides.<\/h2>\n<p style=\"font-family: Poppins; text-align: justify; line-height: 1em; color: #000000\"><span style=\"font-size: 16px; font-weight:300\"><strong>FLOWSUD<\/strong> est une entreprise marocaine sp\u00e9cialis\u00e9e dans la conception et la construction de r\u00e9seaux d&rsquo;acheminement et de traitement des fluides. La motivation derri\u00e8re sa cr\u00e9ation \u00e9mane de la volont\u00e9 d\u2019\u00e9tablir une rupture avec les pratiques classiques du BTP.<\/span><\/p><br><p style=\"font-family: Poppins; text-align: justify; line-height: 1em; color: #000000\"><span style=\"font-size: 16px;font-weight:300\">Ainsi, nous vous garantissons des installations dans les normes et fonctionnelles le plus longtemps possible. Nous nous chargeons \u00e9galement de la r\u00e9novation d&rsquo;installations v\u00e9tustes.<\/span><\/p>\n\n\n\n\n<h4 id=\"nos-projets\" style=\"font-size:14px; text-align: center; font-family: Poppins; font-weight: 500; color: #ffffff\">03<\/h4>\n<h4 style=\"font-size:14px; margin: auto; font-family: Poppins; font-weight: 300; letter-spacing: 0.25em; color: #ffffff; writing-mode: vertical-rl; text-orientation: mixed\">Nos Projets<\/h4>\n\n\n\n\n<h2  style=\"font-family: Poppins; text-align: justify; font-size: 32px; color: #ffffff; font-weight: 600; text-align: left ; line-height: 1em; padding-left:30px\">Jeune &#038; Dynamique<\/h2>\n<p style=\"font-family: Poppins; text-align: justify; line-height: 1.4em; color: #ffffff; font-weight: 200;\"><span style=\"font-size: 16px;\">Co-fond\u00e9e par deux ing\u00e9nieurs d&rsquo;\u00e9tat, FLOWSUD conna\u00eet depuis sa cr\u00e9ation une croissance soutenue gr\u00e2ce \u00e0 la confiance de ses partenaires. Nous avons pu en peu de temps r\u00e9pondre \u00e0 diff\u00e9rents types de besoins:<\/span><br><\/p><br><li style=\"font-family: Poppins; text-align: justify; font-size: 16px; line-height: 1.4em; color: #ffffff; font-weight: 200; text-align: justify; line-height: 2em; padding-left:30px\">Industriel<\/li><li style=\"font-family: Poppins; text-align: justify; font-size: 16px; line-height: 1.4em; color: #ffffff; font-weight: 200; text-align: justify; line-height: 2em; padding-left:30px\">M\u00e9dical<\/li><li style=\"font-family: Poppins; text-align: justify; font-size: 16px; line-height: 1.4em; color: #ffffff; font-weight: 200; text-align: justify; line-height: 2em; padding-left:30px\">R\u00e9sidentiel<\/li>\n\n\n\n\n\n\n\n\n\n\n\n\n<h4 id=\"nos-m\u00e9tiers\"  style=\"font-size:14px; text-align: center; font-family: Poppins; font-weight: 500; color: #ffffff\">04<\/h4>\n<h4 style=\"font-size:14px; margin: auto; font-family: Poppins; font-weight: 300; letter-spacing: 0.25em; color: #ffffff; writing-mode: vertical-rl; text-orientation: mixed\">Nos M\u00e9tiers<\/h4>\n\n\n\n\n<h2  style=\"font-family: Poppins; text-align: right; font-size: 70px; color: #0f0f0f; font-weight: 600; line-height: 1.5em;padding-left: 0em \">\nNos M\u00e9tiers<\/h2>\n\n\n\n\n\n\n\n<h2  style=\"font-family: Poppins; text-align: left; font-size: 40px; color: #0f0f0f; font-weight: 600; line-height: 1em;padding-left: 0em \">\nNos M\u00e9tiers<\/h2>\n\n\n\n\n\n\n\n<div class=animated-cards> \n <div class=\"card-row\">\n  \n  <div class=\"card with-text\" id=\"plomberie-sanitaire\">\n    <div class=\"card-image\"><img decoding=\"async\" src=\"https:\/\/www.flowsud.com\/wp-content\/uploads\/2021\/12\/Flow-Sud-Maroc-Plomberie-Sanitaire.jpg\" class=\"card-images\"> <\/div>\n    <div class=\"card-title\">Plomberie \/ Sanitaire <\/div>\n    <div class=\"card-text\">\n      <p>Distribution Sanitaire<br>\n         Evacuations<br>\n         Production d&rsquo;eau chaude sanitaire<br>\n         Robinetterie<br>\n         Sanitaires<\/p>\n    <\/div> \n  <\/div>\n  \n  <div class=\"card with-text\" id=\"securite-incendie\">\n    <div class=\"card-image\"><img decoding=\"async\" src=\"https:\/\/www.flowsud.com\/wp-content\/uploads\/2021\/12\/Flow-Sud-Maroc-securite-incendie-1.jpg\" class=\"card-images\"> <\/div>\n    <div class=\"card-title\">S\u00e9curit\u00e9 incendie <\/div>\n    <div class=\"card-text\">\n      <p>RIA\n(Robinet d&rsquo;Incendie Arm\u00e9s)\n<br>\n         Surpresseurs<br>\n         Colonnes S\u00e8ches\n<br>\n         Colonnes Humides<br>\n         Poteaux Incendie<br>\n         Sprinklers<\/p>\n    <\/div> \n  <\/div>\n  \n  <div class=\"card with-text\" id=\"traitement-des-eaux\">\n    <div class=\"card-image\"><img decoding=\"async\" src=\"https:\/\/www.flowsud.com\/wp-content\/uploads\/2021\/12\/Flow-Sud-Maroc-Traitement-des-eaux.jpg\" class=\"card-images\"> <\/div>\n    <div class=\"card-title\">Traitement des eaux <\/div>\n    <div class=\"card-text\">\n      <p>Filtration<br>\n         Adoucissement<br>\n         Osmose inverse<\/p>\n    <\/div>\n  <\/div>\n  \n  <div class=\"card with-text\" id=\"hvac\">\n    <div class=\"card-image\"><img decoding=\"async\" src=\"https:\/\/www.flowsud.com\/wp-content\/uploads\/2021\/11\/Hvac-system.jpg\" class=\"card-images\"> <\/div>\n    <div class=\"card-title\">HVAC<\/div>\n    <div class=\"card-text\">\n      <p>Climatisation<br>\n         Ventilation<br>\n         Chaudi\u00e8re<br>\n         Radiateurs<br>\n         Planchers Chauffants<br>\n         Hammams<\/p>\n    <\/div> \n  <\/div>\n\n   <div class=\"card no-text\" id=\"fluides-et-equipements-industriels\">\n    <div class=\"card-image\"><img decoding=\"async\" src=\"https:\/\/www.flowsud.com\/wp-content\/uploads\/2021\/11\/industrial-plumbing.jpg\" class=\"card-images\"> <\/div>\n    <div class=\"card-title-no-text\">Fluides &#038; \u00e9quipements industriels<\/div>\n    \n  <\/div>\n  \n  <div class=\"card with-text\" id=\"reseaux-exterieurs\">\n    <div class=\"card-image\"><img decoding=\"async\" src=\"https:\/\/www.flowsud.com\/wp-content\/uploads\/2021\/12\/canalisation.jpg\" class=\"card-images\"> <\/div>\n    <div class=\"card-title\">R\u00e9seaux ext\u00e9rieurs<\/div>\n    <div class=\"card-text\">\n      <p>Eau potable<br>\n         Assainissement<\/p>\n    <\/div> \n  <\/div>\n  \n  <div class=\"card no-text\" id=\"piscines\">\n    <div class=\"card-image\"><img decoding=\"async\" src=\"https:\/\/www.flowsud.com\/wp-content\/uploads\/2021\/12\/Flow-Sud-Maroc-Piscine-1.jpg\" class=\"card-images\"> <\/div>\n    <div class=\"card-title-no-text\">Piscines<\/div>\n    \n  <\/div>\n  \n  <div class=\"card no-text\">\n    <div class=\"card-image\" id=\"conception-3d-bim\"><img decoding=\"async\" src=\"https:\/\/www.flowsud.com\/wp-content\/uploads\/2021\/12\/Flow-Sud-Maroc-Conception-3D-Bim.jpg\" class=\"card-images\"> <\/div>\n    <div class=\"card-title-no-text\">Conception &#038; mod\u00e9lisation 3D &#8211; BIM<\/div>\n     \n  <\/div>\n   \n <\/div>  \n<\/div>\n\n\n\n\n\n\n\n<h2  style=\"font-family: Poppins; text-align: center; font-size: 32px; color: #0f0f0f; font-weight: 600; line-height: 1.5em; \">Plomberie \/ Sanitaire<\/h2>\n<ul style=\"font-family: Poppins; text-align: center; font-size: 16px; line-height: 1.4em; color: #0f0f0f; font-weight: 300; line-height: 2em; \">Distribution Sanitaire<\/ul><ul style=\"font-family: Poppins; text-align: center; font-size: 16px; line-height: 1.4em; color: #0f0f0f; font-weight: 300; line-height: 2em; \">Evacuations<\/ul><ul style=\"font-family: Poppins; text-align: center; font-size: 16px; line-height: 1.4em; color: #0f0f0f; font-weight: 300; line-height: 2em; \">Production d&rsquo;eau chaude sanitaire<\/ul><ul style=\"font-family: Poppins; text-align: center; font-size: 16px; line-height: 1.4em; color: #0f0f0f; font-weight: 300; line-height: 2em; \">Robinetterie<\/ul><ul style=\"font-family: Poppins; text-align: center; font-size: 16px; line-height: 1.4em; color: #0f0f0f; font-weight: 300; line-height: 2em; \">Sanitaires<\/ul>\n\n\n\n\n\n<p>Lorem Ipsum has been the industry&rsquo;s standard dummy text ever since the 1500s.<\/p>\n\n\n\n\n<p>Lorem Ipsum has been the industry&rsquo;s standard dummy text ever since the 1500s.<\/p>\n\n\n\n\n<h2  style=\"font-family: Poppins; text-align: center; font-size: 32px; color: #0f0f0f; font-weight: 600; line-height: 1.5em; \">S\u00e9curit\u00e9 Incendie<\/h2>\n<ul style=\"font-family: Poppins; text-align: center; font-size: 16px; line-height: 1.4em; color: #0f0f0f; font-weight: 300; line-height: 1.2em; \">RIA<br><span style=\"font-size: 14px\">(Robinet d&rsquo;Incendie Arm\u00e9s)<\/ul><ul style=\"font-family: Poppins; text-align: center; font-size: 16px; line-height: 1.4em; color: #0f0f0f; font-weight: 300; line-height: 2em; \">Surpresseurs<\/ul><ul style=\"font-family: Poppins; text-align: center; font-size: 16px; line-height: 1.4em; color: #0f0f0f; font-weight: 300; line-height: 2em; \">Colonnes S\u00e8ches<\/ul><ul style=\"font-family: Poppins; text-align: center; font-size: 16px; line-height: 1.4em; color: #0f0f0f; font-weight: 300; line-height: 2em; \">Colonnes Humides<\/ul><ul style=\"font-family: Poppins; text-align: center; font-size: 16px; line-height: 1.4em; color: #0f0f0f; font-weight: 300; line-height: 2em; \">Poteaux Incendie<\/ul><ul style=\"font-family: Poppins; text-align: center; font-size: 16px; line-height: 1.4em; color: #0f0f0f; font-weight: 300; line-height: 2em; \">Sprinklers<\/ul>\n\n\n\n\n\n\n\n<h2  style=\"font-family: Poppins; text-align: center; font-size: 32px; color: #0f0f0f; font-weight: 600; line-height: 1.5em; \">Traitements des eaux<\/h2>\n<ul style=\"font-family: Poppins; text-align: center; font-size: 16px; line-height: 1.4em; color: #0f0f0f; font-weight: 300; line-height: 2em; \">Filtration<\/ul><ul style=\"font-family: Poppins; text-align: center; font-size: 16px; line-height: 1.4em; color: #0f0f0f; font-weight: 300; line-height: 2em; \">Adoucissement<\/ul><ul style=\"font-family: Poppins; text-align: center; font-size: 16px; line-height: 1.4em; color: #0f0f0f; font-weight: 300; line-height: 2em; \">Osmose inverse<\/ul>\n\n\n\n\n\n<p>Lorem Ipsum has been the industry&rsquo;s standard dummy text ever since the 1500s.<\/p>\n\n\n\n\n<p>Lorem Ipsum has been the industry&rsquo;s standard dummy text ever since the 1500s.<\/p>\n\n\n\n\n<h2  style=\"font-family: Poppins; text-align: center; font-size: 32px; color: #0f0f0f; font-weight: 600; line-height: 1.5em; \">HVAC<\/h2>\n<ul style=\"font-family: Poppins; text-align: center; font-size: 16px; line-height: 1.4em; color: #0f0f0f; font-weight: 300; line-height: 2em; \">Climatisation<\/ul><ul style=\"font-family: Poppins; text-align: center; font-size: 16px; line-height: 1.4em; color: #0f0f0f; font-weight: 300; line-height: 2em; \">Ventilation<\/ul><ul style=\"font-family: Poppins; text-align: center; font-size: 16px; line-height: 1.4em; color: #0f0f0f; font-weight: 300; line-height: 2em; \">Chaudi\u00e8re<\/ul><ul style=\"font-family: Poppins; text-align: center; font-size: 16px; line-height: 1.4em; color: #0f0f0f; font-weight: 300; line-height: 2em; \">Radiateurs<\/ul><ul style=\"font-family: Poppins; text-align: center; font-size: 16px; line-height: 1.4em; color: #0f0f0f; font-weight: 300; line-height: 2em; \">Planchers Chauffants<\/ul><ul style=\"font-family: Poppins; text-align: center; font-size: 16px; line-height: 1.4em; color: #0f0f0f; font-weight: 300; line-height: 2em; \">Hammams<\/ul>\n\n\n\n\n\n\n\n<h2  style=\"font-family: Poppins; text-align: center; font-size: 32px; color: #0f0f0f; font-weight: 600; line-height: 1.5em; \">Fluides &#038; \u00e9quipements industriels<\/h2>\n\n\n\n\n\n<p>Lorem Ipsum has been the industry&rsquo;s standard dummy text ever since the 1500s.<\/p>\n\n\n\n\n<p>Lorem Ipsum has been the industry&rsquo;s standard dummy text ever since the 1500s.<\/p>\n\n\n\n\n<h2  style=\"font-family: Poppins; text-align: center; font-size: 32px; color: #0f0f0f; font-weight: 600; line-height: 1.5em; \">R\u00e9seaux ext\u00e9rieurs<\/h2>\n<ul style=\"font-family: Poppins; text-align: center; font-size: 16px; line-height: 1.4em; color: #0f0f0f; font-weight: 300; line-height: 2em; \">Eau potable<\/ul><ul style=\"font-family: Poppins; text-align: center; font-size: 16px; line-height: 1.4em; color: #0f0f0f; font-weight: 300; line-height: 2em; \">Assainissement<\/ul>\n\n\n\n\n\n\n\n<h2  style=\"font-family: Poppins; text-align: center; font-size: 32px; color: #0f0f0f; font-weight: 600; line-height: 1.5em; \">Piscines<\/h2>\n\n\n\n\n\n<p>Lorem Ipsum has been the industry&rsquo;s standard dummy text ever since the 1500s.<\/p>\n\n\n\n\n<p>Lorem Ipsum has been the industry&rsquo;s standard dummy text ever since the 1500s.<\/p>\n\n\n\n\n<h2  style=\"font-family: Poppins; text-align: center; font-size: 32px; color: #0f0f0f; font-weight: 600; line-height: 1.5em; \">Conception &#038; mod\u00e9lisation 3D &#8211; BIM<\/h2>\n\n\n\n\n\n\n<h4 id=\"nos-services\"  style=\"font-size:14px; text-align: center; font-family: Poppins; font-weight: 500; color: #ffffff\">05<\/h4>\n<h4 style=\"font-size:14px; margin: auto; font-family: Poppins; font-weight: 300; letter-spacing: 0.25em; color: #ffffff; writing-mode: vertical-rl; text-orientation: mixed\">Nos Services<\/h4>\n\n\n\n\n\n<h2  style=\"font-family: Poppins; text-align: center; font-size: 24px; color: #000; font-weight: 600 ; line-height: 2.4em\">Accompagnement <\/h2>\n<ul style=\"font-family: Poppins; text-align: center; font-size: 16px; line-height: 1.4em; color: #0f0f0f; font-weight: 300; line-height: 2em; \">D\u00e9finition du besoin<\/ul><ul style=\"font-family: Poppins; text-align: center; font-size: 16px; line-height: 1.4em; color: #0f0f0f; font-weight: 300; line-height: 2em; \">Proposition des solutions<\/ul><ul style=\"font-family: Poppins; text-align: center; font-size: 16px; line-height: 1.4em; color: #0f0f0f; font-weight: 300; line-height: 2em; \">Conception et \u00e9tudes techniques<\/ul>\n\n\n\n<h2  style=\"font-family: Poppins; text-align: center; font-size: 24px; color: #000; font-weight: 600 ; line-height: 2.4em\">R\u00e9alisation<\/h2>\n<ul style=\"font-family: Poppins; text-align: center; font-size: 16px; line-height: 1.4em; color: #0f0f0f; font-weight: 300; line-height: 2em; \">Installation technique<\/ul>\n\n\n\n<h2  style=\"font-family: Poppins; text-align: center; font-size: 24px; color: #000; font-weight: 600 ; line-height: 2.4em\">Maintenance<\/h2>\n<ul style=\"font-family: Poppins; text-align: center; font-size: 16px; line-height: 1.4em; color: #0f0f0f; font-weight: 300; line-height: 2em; \">Pr\u00e9ventive<\/ul><ul style=\"font-family: Poppins; text-align: center; font-size: 16px; line-height: 1.4em; color: #0f0f0f; font-weight: 300; line-height: 2em; \">Curative<\/ul>\n\n\n\n\n\n\n<h4 id=\"contact\" style=\"font-size:14px; text-align: center; font-family: Poppins; font-weight: 500; color: #ffffff\">06<\/h4>\n<h4 style=\"font-size:14px; margin: auto; font-family: Poppins; font-weight: 300; letter-spacing: 0.25em; color: #ffffff; writing-mode: vertical-rl; text-orientation: mixed\">Contact<\/h4>\n\n\n\n\n\n<p style=\"font-size: 16px; font-family: Poppins  ; text-align: center\">En savoir plus sur <strong>FLOWSUD&nbsp;<\/strong>? <strong>T\u00e9l\u00e9chargez <\/strong>notre brochure.<\/p>\n\n\n\n<p style=\"font-size: 16px; text-align: center; color:#ffffff\">Besoin d&rsquo;un <strong>devis<\/strong>?<\/p>\n\n<p style=\"font-size: 16px; text-align: center; color:#ffffff\">Besoin de <strong>plus d&rsquo;informations<\/strong>?<\/p>\n\n\n\n\n\n","protected":false},"excerpt":{"rendered":"","protected":false},"author":1,"featured_media":0,"parent":0,"menu_order":1,"comment_status":"closed","ping_status":"closed","template":"","meta":{"pagelayer_contact_templates":[],"_pagelayer_content":"","footnotes":""},"class_list":["post-7","page","type-page","status-publish","hentry"],"_links":{"self":[{"href":"https:\/\/www.flowsud.com\/index.php?rest_route=\/wp\/v2\/pages\/7","targetHints":{"allow":["GET"]}}],"collection":[{"href":"https:\/\/www.flowsud.com\/index.php?rest_route=\/wp\/v2\/pages"}],"about":[{"href":"https:\/\/www.flowsud.com\/index.php?rest_route=\/wp\/v2\/types\/page"}],"author":[{"embeddable":true,"href":"https:\/\/www.flowsud.com\/index.php?rest_route=\/wp\/v2\/users\/1"}],"replies":[{"embeddable":true,"href":"https:\/\/www.flowsud.com\/index.php?rest_route=%2Fwp%2Fv2%2Fcomments&post=7"}],"version-history":[{"count":275,"href":"https:\/\/www.flowsud.com\/index.php?rest_route=\/wp\/v2\/pages\/7\/revisions"}],"predecessor-version":[{"id":656,"href":"https:\/\/www.flowsud.com\/index.php?rest_route=\/wp\/v2\/pages\/7\/revisions\/656"}],"wp:attachment":[{"href":"https:\/\/www.flowsud.com\/index.php?rest_route=%2Fwp%2Fv2%2Fmedia&parent=7"}],"curies":[{"name":"wp","href":"https:\/\/api.w.org\/{rel}","templated":true}]}}