{"id":9,"date":"2020-10-11T20:07:01","date_gmt":"2020-10-11T20:07:01","guid":{"rendered":"http:\/\/www.flowsud.com\/contact\/"},"modified":"2023-11-04T19:09:35","modified_gmt":"2023-11-04T19:09:35","slug":"contact","status":"publish","type":"page","link":"https:\/\/www.flowsud.com\/?page_id=9","title":{"rendered":"Contact"},"content":{"rendered":"\n\n\n30.428726, -9.560509\n\n\n\n\n\n\n<div class=\"wpforms-container wpforms-container-full\" id=\"wpforms-457\"><form id=\"wpforms-form-457\" class=\"wpforms-validate wpforms-form wpforms-ajax-form\" data-formid=\"457\" method=\"post\" enctype=\"multipart\/form-data\" action=\"\/index.php?rest_route=%2Fwp%2Fv2%2Fpages%2F9\" data-token=\"69daef6acfa2492460624ea5c656260e\" data-token-time=\"1777713297\"><noscript class=\"wpforms-error-noscript\">Veuillez activer JavaScript dans votre navigateur pour remplir ce formulaire.<\/noscript><div class=\"wpforms-field-container\"><div id=\"wpforms-457-field_0-container\" class=\"wpforms-field wpforms-field-name\" data-field-id=\"0\"><label class=\"wpforms-field-label\">Pr\u00e9nom &amp; Nom <span class=\"wpforms-required-label\">*<\/span><\/label><div class=\"wpforms-field-row wpforms-field-medium\"><div class=\"wpforms-field-row-block wpforms-first wpforms-one-half\"><input type=\"text\" id=\"wpforms-457-field_0\" class=\"wpforms-field-name-first wpforms-field-required\" name=\"wpforms[fields][0][first]\" required><label for=\"wpforms-457-field_0\" class=\"wpforms-field-sublabel after\">Pr\u00e9nom<\/label><\/div><div class=\"wpforms-field-row-block wpforms-one-half\"><input type=\"text\" id=\"wpforms-457-field_0-last\" class=\"wpforms-field-name-last wpforms-field-required\" name=\"wpforms[fields][0][last]\" required><label for=\"wpforms-457-field_0-last\" class=\"wpforms-field-sublabel after\">Nom<\/label><\/div><\/div><\/div><div id=\"wpforms-457-field_1-container\" class=\"wpforms-field wpforms-field-email\" data-field-id=\"1\"><label class=\"wpforms-field-label\" for=\"wpforms-457-field_1\">Email <span class=\"wpforms-required-label\">*<\/span><\/label><input type=\"email\" id=\"wpforms-457-field_1\" class=\"wpforms-field-medium wpforms-field-required\" name=\"wpforms[fields][1]\" spellcheck=\"false\" required><\/div><div id=\"wpforms-457-field_4-container\" class=\"wpforms-field wpforms-field-radio\" data-field-id=\"4\"><label class=\"wpforms-field-label\">Vous \u00eates un\/une <span class=\"wpforms-required-label\">*<\/span><\/label><ul id=\"wpforms-457-field_4\" class=\"wpforms-field-required\"><li class=\"choice-2 depth-1\"><input type=\"radio\" id=\"wpforms-457-field_4_2\" name=\"wpforms[fields][4]\" value=\"Organisme public\" required ><label class=\"wpforms-field-label-inline\" for=\"wpforms-457-field_4_2\">Organisme public<\/label><\/li><li class=\"choice-3 depth-1\"><input type=\"radio\" id=\"wpforms-457-field_4_3\" name=\"wpforms[fields][4]\" value=\"Particulier\" required ><label class=\"wpforms-field-label-inline\" for=\"wpforms-457-field_4_3\">Particulier<\/label><\/li><li class=\"choice-1 depth-1\"><input type=\"radio\" id=\"wpforms-457-field_4_1\" name=\"wpforms[fields][4]\" value=\"Soci\u00e9t\u00e9 priv\u00e9e\" required ><label class=\"wpforms-field-label-inline\" for=\"wpforms-457-field_4_1\">Soci\u00e9t\u00e9 priv\u00e9e<\/label><\/li><\/ul><\/div><div id=\"wpforms-457-field_5-container\" class=\"wpforms-field wpforms-field-text\" data-field-id=\"5\"><label class=\"wpforms-field-label\" for=\"wpforms-457-field_5\">Raison Sociale<\/label><input type=\"text\" id=\"wpforms-457-field_5\" class=\"wpforms-field-medium\" name=\"wpforms[fields][5]\" ><\/div><div id=\"wpforms-457-field_3-container\" class=\"wpforms-field wpforms-field-select wpforms-field-select-style-classic\" data-field-id=\"3\"><label class=\"wpforms-field-label\" for=\"wpforms-457-field_3\">R\u00e9gion <span class=\"wpforms-required-label\">*<\/span><\/label><select id=\"wpforms-457-field_3\" class=\"wpforms-field-medium wpforms-field-required\" name=\"wpforms[fields][3]\" required=\"required\"><option value=\"Beni Mellal-Kh\u00e9nifra\"  class=\"choice-8 depth-1\"  >Beni Mellal-Kh\u00e9nifra<\/option><option value=\"Casablanca-Settat\"  class=\"choice-6 depth-1\"  >Casablanca-Settat<\/option><option value=\"Dakhla-Oued Ed Dahab\"  class=\"choice-9 depth-1\"  >Dakhla-Oued Ed Dahab<\/option><option value=\"Dr\u00e2a-Tafilalet\"  class=\"choice-4 depth-1\"  >Dr\u00e2a-Tafilalet<\/option><option value=\"F\u00e8s-Mekn\u00e8s\"  class=\"choice-3 depth-1\"  >F\u00e8s-Mekn\u00e8s<\/option><option value=\"Guelmim-Oued Noun\"  class=\"choice-11 depth-1\"  >Guelmim-Oued Noun<\/option><option value=\"La\u00e2youne-Sakia El Hamra\"  class=\"choice-10 depth-1\"  >La\u00e2youne-Sakia El Hamra<\/option><option value=\"L&#039;Oriental\"  class=\"choice-2 depth-1\"  >L'Oriental<\/option><option value=\"Marrakech-Safi\"  class=\"choice-5 depth-1\"  >Marrakech-Safi<\/option><option value=\"Rabat-Sal\u00e9-K\u00e9nitra\"  class=\"choice-7 depth-1\"  >Rabat-Sal\u00e9-K\u00e9nitra<\/option><option value=\"Souss-Massa\"  class=\"choice-12 depth-1\"  >Souss-Massa<\/option><option value=\"Tanger-T\u00e9touan-Al Hoceima\"  class=\"choice-1 depth-1\"  >Tanger-T\u00e9touan-Al Hoceima<\/option><\/select><\/div><div id=\"wpforms-457-field_2-container\" class=\"wpforms-field wpforms-field-textarea\" data-field-id=\"2\"><label class=\"wpforms-field-label\" for=\"wpforms-457-field_2\">Message <span class=\"wpforms-required-label\">*<\/span><\/label><textarea id=\"wpforms-457-field_2\" class=\"wpforms-field-medium wpforms-field-required\" name=\"wpforms[fields][2]\" required><\/textarea><\/div><\/div><!-- .wpforms-field-container --><div class=\"wpforms-recaptcha-container wpforms-is-recaptcha wpforms-is-recaptcha-type-v2\" ><div class=\"g-recaptcha\" data-sitekey=\"6Lex_oYiAAAAAKtBz-wRy3GK5Lcqygrd5ARbaHF6\"><\/div><input type=\"text\" name=\"g-recaptcha-hidden\" class=\"wpforms-recaptcha-hidden\" style=\"position:absolute!important;clip:rect(0,0,0,0)!important;height:1px!important;width:1px!important;border:0!important;overflow:hidden!important;padding:0!important;margin:0!important;\" data-rule-recaptcha=\"1\"><\/div><div class=\"wpforms-submit-container\" ><input type=\"hidden\" name=\"wpforms[id]\" value=\"457\"><input type=\"hidden\" name=\"page_title\" value=\"\"><input type=\"hidden\" name=\"page_url\" value=\"https:\/\/www.flowsud.com\/index.php?rest_route=\/wp\/v2\/pages\/9\"><input type=\"hidden\" name=\"url_referer\" value=\"\"><button type=\"submit\" name=\"wpforms[submit]\" id=\"wpforms-submit-457\" class=\"wpforms-submit\" data-alt-text=\"En cours d&quot;envoi...\" data-submit-text=\"Envoyer\" aria-live=\"assertive\" value=\"wpforms-submit\">Envoyer<\/button><img loading=\"lazy\" decoding=\"async\" src=\"https:\/\/www.flowsud.com\/wp-content\/plugins\/wpforms-lite\/assets\/images\/submit-spin.svg\" class=\"wpforms-submit-spinner\" style=\"display: none;\" width=\"26\" height=\"26\" alt=\"Chargement en cours\"><\/div><\/form><\/div>  <!-- .wpforms-container -->\n\n\n\n\n\n\n\n\n\n\n\n\n\n\n\n\n\n\n\n\n\n\n\n\n\n\n\n\n\n\n\n\n\n\n\n\n\n","protected":false},"excerpt":{"rendered":"","protected":false},"author":1,"featured_media":0,"parent":0,"menu_order":2,"comment_status":"closed","ping_status":"closed","template":"","meta":{"pagelayer_contact_templates":[],"_pagelayer_content":"","footnotes":""},"class_list":["post-9","page","type-page","status-publish","hentry"],"_links":{"self":[{"href":"https:\/\/www.flowsud.com\/index.php?rest_route=\/wp\/v2\/pages\/9","targetHints":{"allow":["GET"]}}],"collection":[{"href":"https:\/\/www.flowsud.com\/index.php?rest_route=\/wp\/v2\/pages"}],"about":[{"href":"https:\/\/www.flowsud.com\/index.php?rest_route=\/wp\/v2\/types\/page"}],"author":[{"embeddable":true,"href":"https:\/\/www.flowsud.com\/index.php?rest_route=\/wp\/v2\/users\/1"}],"replies":[{"embeddable":true,"href":"https:\/\/www.flowsud.com\/index.php?rest_route=%2Fwp%2Fv2%2Fcomments&post=9"}],"version-history":[{"count":58,"href":"https:\/\/www.flowsud.com\/index.php?rest_route=\/wp\/v2\/pages\/9\/revisions"}],"predecessor-version":[{"id":657,"href":"https:\/\/www.flowsud.com\/index.php?rest_route=\/wp\/v2\/pages\/9\/revisions\/657"}],"wp:attachment":[{"href":"https:\/\/www.flowsud.com\/index.php?rest_route=%2Fwp%2Fv2%2Fmedia&parent=9"}],"curies":[{"name":"wp","href":"https:\/\/api.w.org\/{rel}","templated":true}]}}